{"id":6914,"date":"2024-12-06T07:04:46","date_gmt":"2024-12-06T06:04:46","guid":{"rendered":"https:\/\/mueller-steinag.ch\/?page_id=6914"},"modified":"2025-11-14T15:54:36","modified_gmt":"2025-11-14T14:54:36","slug":"informaticien-ne-cfc","status":"publish","type":"page","link":"https:\/\/mueller-steinag.ch\/fr\/formation\/informaticien-ne-cfc\/","title":{"rendered":"Informaticien\/ne CFC"},"content":{"rendered":"","protected":false},"excerpt":{"rendered":"","protected":false},"author":1,"featured_media":0,"parent":3315,"menu_order":1,"comment_status":"closed","ping_status":"closed","template":"","meta":{"_acf_changed":false,"footnotes":""},"class_list":["post-6914","page","type-page","status-publish","hentry"],"acf":[],"yoast_head":"<!-- This site is optimized with the Yoast SEO plugin v27.2 - https:\/\/yoast.com\/product\/yoast-seo-wordpress\/ -->\n<title>Informaticien\/ne CFC - M\u00dcLLER-STEINAG Gruppe<\/title>\n<meta name=\"description\" content=\"Tu es int\u00e9ress\u00e9(e) par le m\u00e9tier d&#039;informaticien(ne) et tu vois des opportunit\u00e9s dans la nouveaut\u00e9 ? Alors, rejoins notre \u00e9quipe - postule d\u00e8s maintenant.\" \/>\n<meta name=\"robots\" content=\"index, follow, max-snippet:-1, max-image-preview:large, max-video-preview:-1\" \/>\n<link rel=\"canonical\" href=\"https:\/\/mueller-steinag.ch\/fr\/formation\/informaticien-ne-cfc\/\" \/>\n<meta property=\"og:locale\" content=\"fr_FR\" \/>\n<meta property=\"og:type\" content=\"article\" \/>\n<meta property=\"og:title\" content=\"Informaticien\/ne CFC - M\u00dcLLER-STEINAG Gruppe\" \/>\n<meta property=\"og:description\" content=\"Tu es int\u00e9ress\u00e9(e) par le m\u00e9tier d&#039;informaticien(ne) et tu vois des opportunit\u00e9s dans la nouveaut\u00e9 ? Alors, rejoins notre \u00e9quipe - postule d\u00e8s maintenant.\" \/>\n<meta property=\"og:url\" content=\"https:\/\/mueller-steinag.ch\/fr\/formation\/informaticien-ne-cfc\/\" \/>\n<meta property=\"og:site_name\" content=\"M\u00dcLLER-STEINAG Gruppe\" \/>\n<meta property=\"article:modified_time\" content=\"2025-11-14T14:54:36+00:00\" \/>\n<meta name=\"twitter:card\" content=\"summary_large_image\" \/>\n<script type=\"application\/ld+json\" class=\"yoast-schema-graph\">{\"@context\":\"https:\/\/schema.org\",\"@graph\":[{\"@type\":\"WebPage\",\"@id\":\"https:\/\/mueller-steinag.ch\/fr\/formation\/informaticien-ne-cfc\/\",\"url\":\"https:\/\/mueller-steinag.ch\/fr\/formation\/informaticien-ne-cfc\/\",\"name\":\"Informaticien\/ne CFC - M\u00dcLLER-STEINAG Gruppe\",\"isPartOf\":{\"@id\":\"https:\/\/mueller-steinag.ch\/fr\/#website\"},\"datePublished\":\"2024-12-06T06:04:46+00:00\",\"dateModified\":\"2025-11-14T14:54:36+00:00\",\"description\":\"Tu es int\u00e9ress\u00e9(e) par le m\u00e9tier d'informaticien(ne) et tu vois des opportunit\u00e9s dans la nouveaut\u00e9 ? Alors, rejoins notre \u00e9quipe - postule d\u00e8s maintenant.\",\"breadcrumb\":{\"@id\":\"https:\/\/mueller-steinag.ch\/fr\/formation\/informaticien-ne-cfc\/#breadcrumb\"},\"inLanguage\":\"fr-FR\",\"potentialAction\":[{\"@type\":\"ReadAction\",\"target\":[\"https:\/\/mueller-steinag.ch\/fr\/formation\/informaticien-ne-cfc\/\"]}]},{\"@type\":\"BreadcrumbList\",\"@id\":\"https:\/\/mueller-steinag.ch\/fr\/formation\/informaticien-ne-cfc\/#breadcrumb\",\"itemListElement\":[{\"@type\":\"ListItem\",\"position\":1,\"name\":\"Home\",\"item\":\"https:\/\/mueller-steinag.ch\/fr\/\"},{\"@type\":\"ListItem\",\"position\":2,\"name\":\"Formation\",\"item\":\"https:\/\/mueller-steinag.ch\/fr\/formation\/\"},{\"@type\":\"ListItem\",\"position\":3,\"name\":\"Informaticien \/ Informaticienne CFC\"}]},{\"@type\":\"WebSite\",\"@id\":\"https:\/\/mueller-steinag.ch\/fr\/#website\",\"url\":\"https:\/\/mueller-steinag.ch\/fr\/\",\"name\":\"M\u00dcLLER-STEINAG Gruppe\",\"description\":\"\",\"potentialAction\":[{\"@type\":\"SearchAction\",\"target\":{\"@type\":\"EntryPoint\",\"urlTemplate\":\"https:\/\/mueller-steinag.ch\/fr\/?s={search_term_string}\"},\"query-input\":{\"@type\":\"PropertyValueSpecification\",\"valueRequired\":true,\"valueName\":\"search_term_string\"}}],\"inLanguage\":\"fr-FR\"}]}<\/script>\n<!-- \/ Yoast SEO plugin. -->","yoast_head_json":{"title":"Informaticien\/ne CFC - M\u00dcLLER-STEINAG Gruppe","description":"Tu es int\u00e9ress\u00e9(e) par le m\u00e9tier d'informaticien(ne) et tu vois des opportunit\u00e9s dans la nouveaut\u00e9 ? Alors, rejoins notre \u00e9quipe - postule d\u00e8s maintenant.","robots":{"index":"index","follow":"follow","max-snippet":"max-snippet:-1","max-image-preview":"max-image-preview:large","max-video-preview":"max-video-preview:-1"},"canonical":"https:\/\/mueller-steinag.ch\/fr\/formation\/informaticien-ne-cfc\/","og_locale":"fr_FR","og_type":"article","og_title":"Informaticien\/ne CFC - M\u00dcLLER-STEINAG Gruppe","og_description":"Tu es int\u00e9ress\u00e9(e) par le m\u00e9tier d'informaticien(ne) et tu vois des opportunit\u00e9s dans la nouveaut\u00e9 ? Alors, rejoins notre \u00e9quipe - postule d\u00e8s maintenant.","og_url":"https:\/\/mueller-steinag.ch\/fr\/formation\/informaticien-ne-cfc\/","og_site_name":"M\u00dcLLER-STEINAG Gruppe","article_modified_time":"2025-11-14T14:54:36+00:00","twitter_card":"summary_large_image","schema":{"@context":"https:\/\/schema.org","@graph":[{"@type":"WebPage","@id":"https:\/\/mueller-steinag.ch\/fr\/formation\/informaticien-ne-cfc\/","url":"https:\/\/mueller-steinag.ch\/fr\/formation\/informaticien-ne-cfc\/","name":"Informaticien\/ne CFC - M\u00dcLLER-STEINAG Gruppe","isPartOf":{"@id":"https:\/\/mueller-steinag.ch\/fr\/#website"},"datePublished":"2024-12-06T06:04:46+00:00","dateModified":"2025-11-14T14:54:36+00:00","description":"Tu es int\u00e9ress\u00e9(e) par le m\u00e9tier d'informaticien(ne) et tu vois des opportunit\u00e9s dans la nouveaut\u00e9 ? Alors, rejoins notre \u00e9quipe - postule d\u00e8s maintenant.","breadcrumb":{"@id":"https:\/\/mueller-steinag.ch\/fr\/formation\/informaticien-ne-cfc\/#breadcrumb"},"inLanguage":"fr-FR","potentialAction":[{"@type":"ReadAction","target":["https:\/\/mueller-steinag.ch\/fr\/formation\/informaticien-ne-cfc\/"]}]},{"@type":"BreadcrumbList","@id":"https:\/\/mueller-steinag.ch\/fr\/formation\/informaticien-ne-cfc\/#breadcrumb","itemListElement":[{"@type":"ListItem","position":1,"name":"Home","item":"https:\/\/mueller-steinag.ch\/fr\/"},{"@type":"ListItem","position":2,"name":"Formation","item":"https:\/\/mueller-steinag.ch\/fr\/formation\/"},{"@type":"ListItem","position":3,"name":"Informaticien \/ Informaticienne CFC"}]},{"@type":"WebSite","@id":"https:\/\/mueller-steinag.ch\/fr\/#website","url":"https:\/\/mueller-steinag.ch\/fr\/","name":"M\u00dcLLER-STEINAG Gruppe","description":"","potentialAction":[{"@type":"SearchAction","target":{"@type":"EntryPoint","urlTemplate":"https:\/\/mueller-steinag.ch\/fr\/?s={search_term_string}"},"query-input":{"@type":"PropertyValueSpecification","valueRequired":true,"valueName":"search_term_string"}}],"inLanguage":"fr-FR"}]}},"publishpress_future_action":{"enabled":false,"date":"2026-04-16 11:01:57","action":"change-status","newStatus":"draft","terms":[],"taxonomy":"translation_priority","extraData":[]},"publishpress_future_workflow_manual_trigger":{"enabledWorkflows":[]},"_links":{"self":[{"href":"https:\/\/mueller-steinag.ch\/fr\/wp-json\/wp\/v2\/pages\/6914","targetHints":{"allow":["GET"]}}],"collection":[{"href":"https:\/\/mueller-steinag.ch\/fr\/wp-json\/wp\/v2\/pages"}],"about":[{"href":"https:\/\/mueller-steinag.ch\/fr\/wp-json\/wp\/v2\/types\/page"}],"author":[{"embeddable":true,"href":"https:\/\/mueller-steinag.ch\/fr\/wp-json\/wp\/v2\/users\/1"}],"replies":[{"embeddable":true,"href":"https:\/\/mueller-steinag.ch\/fr\/wp-json\/wp\/v2\/comments?post=6914"}],"version-history":[{"count":16,"href":"https:\/\/mueller-steinag.ch\/fr\/wp-json\/wp\/v2\/pages\/6914\/revisions"}],"predecessor-version":[{"id":7600,"href":"https:\/\/mueller-steinag.ch\/fr\/wp-json\/wp\/v2\/pages\/6914\/revisions\/7600"}],"up":[{"embeddable":true,"href":"https:\/\/mueller-steinag.ch\/fr\/wp-json\/wp\/v2\/pages\/3315"}],"wp:attachment":[{"href":"https:\/\/mueller-steinag.ch\/fr\/wp-json\/wp\/v2\/media?parent=6914"}],"curies":[{"name":"wp","href":"https:\/\/api.w.org\/{rel}","templated":true}]}}