{"id":5315,"date":"2023-09-28T15:59:30","date_gmt":"2023-09-28T13:59:30","guid":{"rendered":"https:\/\/mueller-steinag.ch\/developpement-durable\/unsere-gruppe\/"},"modified":"2025-07-21T13:37:18","modified_gmt":"2025-07-21T11:37:18","slug":"notre-groupe","status":"publish","type":"page","link":"https:\/\/mueller-steinag.ch\/fr\/developpement-durable\/notre-groupe\/","title":{"rendered":"Notre groupe"},"content":{"rendered":"","protected":false},"excerpt":{"rendered":"","protected":false},"author":2,"featured_media":0,"parent":3298,"menu_order":5,"comment_status":"closed","ping_status":"closed","template":"","meta":{"_acf_changed":false,"footnotes":""},"class_list":["post-5315","page","type-page","status-publish","hentry"],"acf":[],"yoast_head":"<!-- This site is optimized with the Yoast SEO plugin v27.5 - https:\/\/yoast.com\/product\/yoast-seo-wordpress\/ -->\n<title>Une passion pour le b\u00e9ton - M\u00dcLLER-STEINAG Gruppe<\/title>\n<meta name=\"description\" content=\"Pour le groupe M\u00dcLLER-STEINAG, tout tourne autourdes granulats (sable et gravier), du ciment (calcaire etmarne) et de l\u2019eau. Dans ses usines, il transforme cesmat\u00e9riaux naturels en un mat\u00e9riau de construction 100%naturel, le b\u00e9ton, et en produits en b\u00e9ton durables.Gr\u00e2ce \u00e0 sa polyvalence multifonctionnelle, le b\u00e9ton estdevenu le mat\u00e9riau de construction le plus utilis\u00e9 aumonde.\" \/>\n<meta name=\"robots\" content=\"index, follow, max-snippet:-1, max-image-preview:large, max-video-preview:-1\" \/>\n<link rel=\"canonical\" href=\"https:\/\/mueller-steinag.ch\/fr\/developpement-durable\/notre-groupe\/\" \/>\n<meta property=\"og:locale\" content=\"fr_FR\" \/>\n<meta property=\"og:type\" content=\"article\" \/>\n<meta property=\"og:title\" content=\"Une passion pour le b\u00e9ton - M\u00dcLLER-STEINAG Gruppe\" \/>\n<meta property=\"og:description\" content=\"Pour le groupe M\u00dcLLER-STEINAG, tout tourne autourdes granulats (sable et gravier), du ciment (calcaire etmarne) et de l\u2019eau. Dans ses usines, il transforme cesmat\u00e9riaux naturels en un mat\u00e9riau de construction 100%naturel, le b\u00e9ton, et en produits en b\u00e9ton durables.Gr\u00e2ce \u00e0 sa polyvalence multifonctionnelle, le b\u00e9ton estdevenu le mat\u00e9riau de construction le plus utilis\u00e9 aumonde.\" \/>\n<meta property=\"og:url\" content=\"https:\/\/mueller-steinag.ch\/fr\/developpement-durable\/notre-groupe\/\" \/>\n<meta property=\"og:site_name\" content=\"M\u00dcLLER-STEINAG Gruppe\" \/>\n<meta property=\"article:modified_time\" content=\"2025-07-21T11:37:18+00:00\" \/>\n<meta name=\"twitter:card\" content=\"summary_large_image\" \/>\n<script type=\"application\/ld+json\" class=\"yoast-schema-graph\">{\"@context\":\"https:\\\/\\\/schema.org\",\"@graph\":[{\"@type\":\"WebPage\",\"@id\":\"https:\\\/\\\/mueller-steinag.ch\\\/fr\\\/developpement-durable\\\/notre-groupe\\\/\",\"url\":\"https:\\\/\\\/mueller-steinag.ch\\\/fr\\\/developpement-durable\\\/notre-groupe\\\/\",\"name\":\"Une passion pour le b\u00e9ton - M\u00dcLLER-STEINAG Gruppe\",\"isPartOf\":{\"@id\":\"https:\\\/\\\/mueller-steinag.ch\\\/fr\\\/#website\"},\"datePublished\":\"2023-09-28T13:59:30+00:00\",\"dateModified\":\"2025-07-21T11:37:18+00:00\",\"description\":\"Pour le groupe M\u00dcLLER-STEINAG, tout tourne autourdes granulats (sable et gravier), du ciment (calcaire etmarne) et de l\u2019eau. Dans ses usines, il transforme cesmat\u00e9riaux naturels en un mat\u00e9riau de construction 100%naturel, le b\u00e9ton, et en produits en b\u00e9ton durables.Gr\u00e2ce \u00e0 sa polyvalence multifonctionnelle, le b\u00e9ton estdevenu le mat\u00e9riau de construction le plus utilis\u00e9 aumonde.\",\"breadcrumb\":{\"@id\":\"https:\\\/\\\/mueller-steinag.ch\\\/fr\\\/developpement-durable\\\/notre-groupe\\\/#breadcrumb\"},\"inLanguage\":\"fr-FR\",\"potentialAction\":[{\"@type\":\"ReadAction\",\"target\":[\"https:\\\/\\\/mueller-steinag.ch\\\/fr\\\/developpement-durable\\\/notre-groupe\\\/\"]}]},{\"@type\":\"BreadcrumbList\",\"@id\":\"https:\\\/\\\/mueller-steinag.ch\\\/fr\\\/developpement-durable\\\/notre-groupe\\\/#breadcrumb\",\"itemListElement\":[{\"@type\":\"ListItem\",\"position\":1,\"name\":\"Home\",\"item\":\"https:\\\/\\\/mueller-steinag.ch\\\/fr\\\/\"},{\"@type\":\"ListItem\",\"position\":2,\"name\":\"Durabilit\u00e9\",\"item\":\"https:\\\/\\\/mueller-steinag.ch\\\/fr\\\/durabilite\\\/\"},{\"@type\":\"ListItem\",\"position\":3,\"name\":\"Notre groupe\"}]},{\"@type\":\"WebSite\",\"@id\":\"https:\\\/\\\/mueller-steinag.ch\\\/fr\\\/#website\",\"url\":\"https:\\\/\\\/mueller-steinag.ch\\\/fr\\\/\",\"name\":\"M\u00dcLLER-STEINAG Gruppe\",\"description\":\"\",\"potentialAction\":[{\"@type\":\"SearchAction\",\"target\":{\"@type\":\"EntryPoint\",\"urlTemplate\":\"https:\\\/\\\/mueller-steinag.ch\\\/fr\\\/?s={search_term_string}\"},\"query-input\":{\"@type\":\"PropertyValueSpecification\",\"valueRequired\":true,\"valueName\":\"search_term_string\"}}],\"inLanguage\":\"fr-FR\"}]}<\/script>\n<!-- \/ Yoast SEO plugin. -->","yoast_head_json":{"title":"Une passion pour le b\u00e9ton - M\u00dcLLER-STEINAG Gruppe","description":"Pour le groupe M\u00dcLLER-STEINAG, tout tourne autourdes granulats (sable et gravier), du ciment (calcaire etmarne) et de l\u2019eau. Dans ses usines, il transforme cesmat\u00e9riaux naturels en un mat\u00e9riau de construction 100%naturel, le b\u00e9ton, et en produits en b\u00e9ton durables.Gr\u00e2ce \u00e0 sa polyvalence multifonctionnelle, le b\u00e9ton estdevenu le mat\u00e9riau de construction le plus utilis\u00e9 aumonde.","robots":{"index":"index","follow":"follow","max-snippet":"max-snippet:-1","max-image-preview":"max-image-preview:large","max-video-preview":"max-video-preview:-1"},"canonical":"https:\/\/mueller-steinag.ch\/fr\/developpement-durable\/notre-groupe\/","og_locale":"fr_FR","og_type":"article","og_title":"Une passion pour le b\u00e9ton - M\u00dcLLER-STEINAG Gruppe","og_description":"Pour le groupe M\u00dcLLER-STEINAG, tout tourne autourdes granulats (sable et gravier), du ciment (calcaire etmarne) et de l\u2019eau. Dans ses usines, il transforme cesmat\u00e9riaux naturels en un mat\u00e9riau de construction 100%naturel, le b\u00e9ton, et en produits en b\u00e9ton durables.Gr\u00e2ce \u00e0 sa polyvalence multifonctionnelle, le b\u00e9ton estdevenu le mat\u00e9riau de construction le plus utilis\u00e9 aumonde.","og_url":"https:\/\/mueller-steinag.ch\/fr\/developpement-durable\/notre-groupe\/","og_site_name":"M\u00dcLLER-STEINAG Gruppe","article_modified_time":"2025-07-21T11:37:18+00:00","twitter_card":"summary_large_image","schema":{"@context":"https:\/\/schema.org","@graph":[{"@type":"WebPage","@id":"https:\/\/mueller-steinag.ch\/fr\/developpement-durable\/notre-groupe\/","url":"https:\/\/mueller-steinag.ch\/fr\/developpement-durable\/notre-groupe\/","name":"Une passion pour le b\u00e9ton - M\u00dcLLER-STEINAG Gruppe","isPartOf":{"@id":"https:\/\/mueller-steinag.ch\/fr\/#website"},"datePublished":"2023-09-28T13:59:30+00:00","dateModified":"2025-07-21T11:37:18+00:00","description":"Pour le groupe M\u00dcLLER-STEINAG, tout tourne autourdes granulats (sable et gravier), du ciment (calcaire etmarne) et de l\u2019eau. Dans ses usines, il transforme cesmat\u00e9riaux naturels en un mat\u00e9riau de construction 100%naturel, le b\u00e9ton, et en produits en b\u00e9ton durables.Gr\u00e2ce \u00e0 sa polyvalence multifonctionnelle, le b\u00e9ton estdevenu le mat\u00e9riau de construction le plus utilis\u00e9 aumonde.","breadcrumb":{"@id":"https:\/\/mueller-steinag.ch\/fr\/developpement-durable\/notre-groupe\/#breadcrumb"},"inLanguage":"fr-FR","potentialAction":[{"@type":"ReadAction","target":["https:\/\/mueller-steinag.ch\/fr\/developpement-durable\/notre-groupe\/"]}]},{"@type":"BreadcrumbList","@id":"https:\/\/mueller-steinag.ch\/fr\/developpement-durable\/notre-groupe\/#breadcrumb","itemListElement":[{"@type":"ListItem","position":1,"name":"Home","item":"https:\/\/mueller-steinag.ch\/fr\/"},{"@type":"ListItem","position":2,"name":"Durabilit\u00e9","item":"https:\/\/mueller-steinag.ch\/fr\/durabilite\/"},{"@type":"ListItem","position":3,"name":"Notre groupe"}]},{"@type":"WebSite","@id":"https:\/\/mueller-steinag.ch\/fr\/#website","url":"https:\/\/mueller-steinag.ch\/fr\/","name":"M\u00dcLLER-STEINAG Gruppe","description":"","potentialAction":[{"@type":"SearchAction","target":{"@type":"EntryPoint","urlTemplate":"https:\/\/mueller-steinag.ch\/fr\/?s={search_term_string}"},"query-input":{"@type":"PropertyValueSpecification","valueRequired":true,"valueName":"search_term_string"}}],"inLanguage":"fr-FR"}]}},"publishpress_future_action":{"enabled":false,"date":"2026-05-21 19:38:01","action":"change-status","newStatus":"draft","terms":[],"taxonomy":"translation_priority","extraData":[]},"publishpress_future_workflow_manual_trigger":{"enabledWorkflows":[]},"_links":{"self":[{"href":"https:\/\/mueller-steinag.ch\/fr\/wp-json\/wp\/v2\/pages\/5315","targetHints":{"allow":["GET"]}}],"collection":[{"href":"https:\/\/mueller-steinag.ch\/fr\/wp-json\/wp\/v2\/pages"}],"about":[{"href":"https:\/\/mueller-steinag.ch\/fr\/wp-json\/wp\/v2\/types\/page"}],"author":[{"embeddable":true,"href":"https:\/\/mueller-steinag.ch\/fr\/wp-json\/wp\/v2\/users\/2"}],"replies":[{"embeddable":true,"href":"https:\/\/mueller-steinag.ch\/fr\/wp-json\/wp\/v2\/comments?post=5315"}],"version-history":[{"count":15,"href":"https:\/\/mueller-steinag.ch\/fr\/wp-json\/wp\/v2\/pages\/5315\/revisions"}],"predecessor-version":[{"id":7473,"href":"https:\/\/mueller-steinag.ch\/fr\/wp-json\/wp\/v2\/pages\/5315\/revisions\/7473"}],"up":[{"embeddable":true,"href":"https:\/\/mueller-steinag.ch\/fr\/wp-json\/wp\/v2\/pages\/3298"}],"wp:attachment":[{"href":"https:\/\/mueller-steinag.ch\/fr\/wp-json\/wp\/v2\/media?parent=5315"}],"curies":[{"name":"wp","href":"https:\/\/api.w.org\/{rel}","templated":true}]}}