{"id":5286,"date":"2023-09-28T15:59:47","date_gmt":"2023-09-28T13:59:47","guid":{"rendered":"https:\/\/mueller-steinag.ch\/developpement-durable\/fokusbereich-umwelt\/"},"modified":"2025-07-28T15:59:24","modified_gmt":"2025-07-28T13:59:24","slug":"performance-environnementale","status":"publish","type":"page","link":"https:\/\/mueller-steinag.ch\/fr\/developpement-durable\/performance-environnementale\/","title":{"rendered":"Performance environnementale"},"content":{"rendered":"","protected":false},"excerpt":{"rendered":"","protected":false},"author":2,"featured_media":0,"parent":3298,"menu_order":2,"comment_status":"closed","ping_status":"closed","template":"","meta":{"_acf_changed":false,"footnotes":""},"class_list":["post-5286","page","type-page","status-publish","hentry"],"acf":[],"yoast_head":"<!-- This site is optimized with the Yoast SEO plugin v27.5 - https:\/\/yoast.com\/product\/yoast-seo-wordpress\/ -->\n<title>Performance environnementale - M\u00dcLLER-STEINAG Gruppe<\/title>\n<meta name=\"description\" content=\"Refuse, Reduce, Reuse, Recycle, Rot. L\u2019approche 5R trouve son origine dans l\u2019initiative Z\u00e9ro d\u00e9chet, qui veille\u00e0 ce que toutes les options du cycle des mat\u00e9riaux sont \u00e9puis\u00e9es avantque le materiau ne soit \u00e9limin\u00e9. Cela signifie, par exemple pr\u00e9serverles ressources, privil\u00e9gier les produits \u00e0 longue dur\u00e9e de vie, promouvoirl\u2019\u00e9conomie circulaire, influencer positivement le changement climatiqueet encourager globalement le changement positif.\" \/>\n<meta name=\"robots\" content=\"index, follow, max-snippet:-1, max-image-preview:large, max-video-preview:-1\" \/>\n<link rel=\"canonical\" href=\"https:\/\/mueller-steinag.ch\/fr\/developpement-durable\/performance-environnementale\/\" \/>\n<meta property=\"og:locale\" content=\"fr_FR\" \/>\n<meta property=\"og:type\" content=\"article\" \/>\n<meta property=\"og:title\" content=\"Performance environnementale - M\u00dcLLER-STEINAG Gruppe\" \/>\n<meta property=\"og:description\" content=\"Refuse, Reduce, Reuse, Recycle, Rot. L\u2019approche 5R trouve son origine dans l\u2019initiative Z\u00e9ro d\u00e9chet, qui veille\u00e0 ce que toutes les options du cycle des mat\u00e9riaux sont \u00e9puis\u00e9es avantque le materiau ne soit \u00e9limin\u00e9. Cela signifie, par exemple pr\u00e9serverles ressources, privil\u00e9gier les produits \u00e0 longue dur\u00e9e de vie, promouvoirl\u2019\u00e9conomie circulaire, influencer positivement le changement climatiqueet encourager globalement le changement positif.\" \/>\n<meta property=\"og:url\" content=\"https:\/\/mueller-steinag.ch\/fr\/developpement-durable\/performance-environnementale\/\" \/>\n<meta property=\"og:site_name\" content=\"M\u00dcLLER-STEINAG Gruppe\" \/>\n<meta property=\"article:modified_time\" content=\"2025-07-28T13:59:24+00:00\" \/>\n<meta name=\"twitter:card\" content=\"summary_large_image\" \/>\n<script type=\"application\/ld+json\" class=\"yoast-schema-graph\">{\"@context\":\"https:\\\/\\\/schema.org\",\"@graph\":[{\"@type\":\"WebPage\",\"@id\":\"https:\\\/\\\/mueller-steinag.ch\\\/fr\\\/developpement-durable\\\/performance-environnementale\\\/\",\"url\":\"https:\\\/\\\/mueller-steinag.ch\\\/fr\\\/developpement-durable\\\/performance-environnementale\\\/\",\"name\":\"Performance environnementale - M\u00dcLLER-STEINAG Gruppe\",\"isPartOf\":{\"@id\":\"https:\\\/\\\/mueller-steinag.ch\\\/fr\\\/#website\"},\"datePublished\":\"2023-09-28T13:59:47+00:00\",\"dateModified\":\"2025-07-28T13:59:24+00:00\",\"description\":\"Refuse, Reduce, Reuse, Recycle, Rot. L\u2019approche 5R trouve son origine dans l\u2019initiative Z\u00e9ro d\u00e9chet, qui veille\u00e0 ce que toutes les options du cycle des mat\u00e9riaux sont \u00e9puis\u00e9es avantque le materiau ne soit \u00e9limin\u00e9. Cela signifie, par exemple pr\u00e9serverles ressources, privil\u00e9gier les produits \u00e0 longue dur\u00e9e de vie, promouvoirl\u2019\u00e9conomie circulaire, influencer positivement le changement climatiqueet encourager globalement le changement positif.\",\"breadcrumb\":{\"@id\":\"https:\\\/\\\/mueller-steinag.ch\\\/fr\\\/developpement-durable\\\/performance-environnementale\\\/#breadcrumb\"},\"inLanguage\":\"fr-FR\",\"potentialAction\":[{\"@type\":\"ReadAction\",\"target\":[\"https:\\\/\\\/mueller-steinag.ch\\\/fr\\\/developpement-durable\\\/performance-environnementale\\\/\"]}]},{\"@type\":\"BreadcrumbList\",\"@id\":\"https:\\\/\\\/mueller-steinag.ch\\\/fr\\\/developpement-durable\\\/performance-environnementale\\\/#breadcrumb\",\"itemListElement\":[{\"@type\":\"ListItem\",\"position\":1,\"name\":\"Home\",\"item\":\"https:\\\/\\\/mueller-steinag.ch\\\/fr\\\/\"},{\"@type\":\"ListItem\",\"position\":2,\"name\":\"Durabilit\u00e9\",\"item\":\"https:\\\/\\\/mueller-steinag.ch\\\/fr\\\/durabilite\\\/\"},{\"@type\":\"ListItem\",\"position\":3,\"name\":\"Cible environnement\"}]},{\"@type\":\"WebSite\",\"@id\":\"https:\\\/\\\/mueller-steinag.ch\\\/fr\\\/#website\",\"url\":\"https:\\\/\\\/mueller-steinag.ch\\\/fr\\\/\",\"name\":\"M\u00dcLLER-STEINAG Gruppe\",\"description\":\"\",\"potentialAction\":[{\"@type\":\"SearchAction\",\"target\":{\"@type\":\"EntryPoint\",\"urlTemplate\":\"https:\\\/\\\/mueller-steinag.ch\\\/fr\\\/?s={search_term_string}\"},\"query-input\":{\"@type\":\"PropertyValueSpecification\",\"valueRequired\":true,\"valueName\":\"search_term_string\"}}],\"inLanguage\":\"fr-FR\"}]}<\/script>\n<!-- \/ Yoast SEO plugin. -->","yoast_head_json":{"title":"Performance environnementale - M\u00dcLLER-STEINAG Gruppe","description":"Refuse, Reduce, Reuse, Recycle, Rot. L\u2019approche 5R trouve son origine dans l\u2019initiative Z\u00e9ro d\u00e9chet, qui veille\u00e0 ce que toutes les options du cycle des mat\u00e9riaux sont \u00e9puis\u00e9es avantque le materiau ne soit \u00e9limin\u00e9. Cela signifie, par exemple pr\u00e9serverles ressources, privil\u00e9gier les produits \u00e0 longue dur\u00e9e de vie, promouvoirl\u2019\u00e9conomie circulaire, influencer positivement le changement climatiqueet encourager globalement le changement positif.","robots":{"index":"index","follow":"follow","max-snippet":"max-snippet:-1","max-image-preview":"max-image-preview:large","max-video-preview":"max-video-preview:-1"},"canonical":"https:\/\/mueller-steinag.ch\/fr\/developpement-durable\/performance-environnementale\/","og_locale":"fr_FR","og_type":"article","og_title":"Performance environnementale - M\u00dcLLER-STEINAG Gruppe","og_description":"Refuse, Reduce, Reuse, Recycle, Rot. L\u2019approche 5R trouve son origine dans l\u2019initiative Z\u00e9ro d\u00e9chet, qui veille\u00e0 ce que toutes les options du cycle des mat\u00e9riaux sont \u00e9puis\u00e9es avantque le materiau ne soit \u00e9limin\u00e9. Cela signifie, par exemple pr\u00e9serverles ressources, privil\u00e9gier les produits \u00e0 longue dur\u00e9e de vie, promouvoirl\u2019\u00e9conomie circulaire, influencer positivement le changement climatiqueet encourager globalement le changement positif.","og_url":"https:\/\/mueller-steinag.ch\/fr\/developpement-durable\/performance-environnementale\/","og_site_name":"M\u00dcLLER-STEINAG Gruppe","article_modified_time":"2025-07-28T13:59:24+00:00","twitter_card":"summary_large_image","schema":{"@context":"https:\/\/schema.org","@graph":[{"@type":"WebPage","@id":"https:\/\/mueller-steinag.ch\/fr\/developpement-durable\/performance-environnementale\/","url":"https:\/\/mueller-steinag.ch\/fr\/developpement-durable\/performance-environnementale\/","name":"Performance environnementale - M\u00dcLLER-STEINAG Gruppe","isPartOf":{"@id":"https:\/\/mueller-steinag.ch\/fr\/#website"},"datePublished":"2023-09-28T13:59:47+00:00","dateModified":"2025-07-28T13:59:24+00:00","description":"Refuse, Reduce, Reuse, Recycle, Rot. L\u2019approche 5R trouve son origine dans l\u2019initiative Z\u00e9ro d\u00e9chet, qui veille\u00e0 ce que toutes les options du cycle des mat\u00e9riaux sont \u00e9puis\u00e9es avantque le materiau ne soit \u00e9limin\u00e9. Cela signifie, par exemple pr\u00e9serverles ressources, privil\u00e9gier les produits \u00e0 longue dur\u00e9e de vie, promouvoirl\u2019\u00e9conomie circulaire, influencer positivement le changement climatiqueet encourager globalement le changement positif.","breadcrumb":{"@id":"https:\/\/mueller-steinag.ch\/fr\/developpement-durable\/performance-environnementale\/#breadcrumb"},"inLanguage":"fr-FR","potentialAction":[{"@type":"ReadAction","target":["https:\/\/mueller-steinag.ch\/fr\/developpement-durable\/performance-environnementale\/"]}]},{"@type":"BreadcrumbList","@id":"https:\/\/mueller-steinag.ch\/fr\/developpement-durable\/performance-environnementale\/#breadcrumb","itemListElement":[{"@type":"ListItem","position":1,"name":"Home","item":"https:\/\/mueller-steinag.ch\/fr\/"},{"@type":"ListItem","position":2,"name":"Durabilit\u00e9","item":"https:\/\/mueller-steinag.ch\/fr\/durabilite\/"},{"@type":"ListItem","position":3,"name":"Cible environnement"}]},{"@type":"WebSite","@id":"https:\/\/mueller-steinag.ch\/fr\/#website","url":"https:\/\/mueller-steinag.ch\/fr\/","name":"M\u00dcLLER-STEINAG Gruppe","description":"","potentialAction":[{"@type":"SearchAction","target":{"@type":"EntryPoint","urlTemplate":"https:\/\/mueller-steinag.ch\/fr\/?s={search_term_string}"},"query-input":{"@type":"PropertyValueSpecification","valueRequired":true,"valueName":"search_term_string"}}],"inLanguage":"fr-FR"}]}},"publishpress_future_action":{"enabled":false,"date":"2026-05-21 19:45:12","action":"change-status","newStatus":"draft","terms":[],"taxonomy":"translation_priority","extraData":[]},"publishpress_future_workflow_manual_trigger":{"enabledWorkflows":[]},"_links":{"self":[{"href":"https:\/\/mueller-steinag.ch\/fr\/wp-json\/wp\/v2\/pages\/5286","targetHints":{"allow":["GET"]}}],"collection":[{"href":"https:\/\/mueller-steinag.ch\/fr\/wp-json\/wp\/v2\/pages"}],"about":[{"href":"https:\/\/mueller-steinag.ch\/fr\/wp-json\/wp\/v2\/types\/page"}],"author":[{"embeddable":true,"href":"https:\/\/mueller-steinag.ch\/fr\/wp-json\/wp\/v2\/users\/2"}],"replies":[{"embeddable":true,"href":"https:\/\/mueller-steinag.ch\/fr\/wp-json\/wp\/v2\/comments?post=5286"}],"version-history":[{"count":28,"href":"https:\/\/mueller-steinag.ch\/fr\/wp-json\/wp\/v2\/pages\/5286\/revisions"}],"predecessor-version":[{"id":7480,"href":"https:\/\/mueller-steinag.ch\/fr\/wp-json\/wp\/v2\/pages\/5286\/revisions\/7480"}],"up":[{"embeddable":true,"href":"https:\/\/mueller-steinag.ch\/fr\/wp-json\/wp\/v2\/pages\/3298"}],"wp:attachment":[{"href":"https:\/\/mueller-steinag.ch\/fr\/wp-json\/wp\/v2\/media?parent=5286"}],"curies":[{"name":"wp","href":"https:\/\/api.w.org\/{rel}","templated":true}]}}