{"id":3327,"date":"2018-04-09T08:42:45","date_gmt":"2018-04-09T06:42:45","guid":{"rendered":"https:\/\/mueller-steinag.ch\/organisation\/sebastian-mueller-ag\/"},"modified":"2026-01-12T08:32:58","modified_gmt":"2026-01-12T07:32:58","slug":"sebastian-mueller-ag","status":"publish","type":"page","link":"https:\/\/mueller-steinag.ch\/fr\/organisation\/sebastian-mueller-ag\/","title":{"rendered":"Sebastian M\u00fcller AG"},"content":{"rendered":"","protected":false},"excerpt":{"rendered":"","protected":false},"author":2,"featured_media":0,"parent":3300,"menu_order":4,"comment_status":"closed","ping_status":"closed","template":"","meta":{"_acf_changed":false,"footnotes":""},"class_list":["post-3327","page","type-page","status-publish","hentry"],"acf":[],"yoast_head":"<!-- This site is optimized with the Yoast SEO plugin v27.2 - https:\/\/yoast.com\/product\/yoast-seo-wordpress\/ -->\n<title>Sebastian M\u00fcller AG - M\u00dcLLER-STEINAG Gruppe<\/title>\n<meta name=\"description\" content=\"Les domaines d&#039;activit\u00e9s de Sebastian M\u00fcller AG sont compos\u00e9s de la fabrication de produits en b\u00e9ton pour le b\u00e2timent, le g\u00e9nie civil, les routes, le paysagisme avec des cr\u00e9ations personnalis\u00e9es.\" \/>\n<meta name=\"robots\" content=\"index, follow, max-snippet:-1, max-image-preview:large, max-video-preview:-1\" \/>\n<link rel=\"canonical\" href=\"https:\/\/mueller-steinag.ch\/fr\/organisation\/sebastian-mueller-ag\/\" \/>\n<meta property=\"og:locale\" content=\"fr_FR\" \/>\n<meta property=\"og:type\" content=\"article\" \/>\n<meta property=\"og:title\" content=\"Sebastian M\u00fcller AG - M\u00dcLLER-STEINAG Gruppe\" \/>\n<meta property=\"og:description\" content=\"Les domaines d&#039;activit\u00e9s de Sebastian M\u00fcller AG sont compos\u00e9s de la fabrication de produits en b\u00e9ton pour le b\u00e2timent, le g\u00e9nie civil, les routes, le paysagisme avec des cr\u00e9ations personnalis\u00e9es.\" \/>\n<meta property=\"og:url\" content=\"https:\/\/mueller-steinag.ch\/fr\/organisation\/sebastian-mueller-ag\/\" \/>\n<meta property=\"og:site_name\" content=\"M\u00dcLLER-STEINAG Gruppe\" \/>\n<meta property=\"article:modified_time\" content=\"2026-01-12T07:32:58+00:00\" \/>\n<meta name=\"twitter:card\" content=\"summary_large_image\" \/>\n<script type=\"application\/ld+json\" class=\"yoast-schema-graph\">{\"@context\":\"https:\/\/schema.org\",\"@graph\":[{\"@type\":\"WebPage\",\"@id\":\"https:\/\/mueller-steinag.ch\/fr\/organisation\/sebastian-mueller-ag\/\",\"url\":\"https:\/\/mueller-steinag.ch\/fr\/organisation\/sebastian-mueller-ag\/\",\"name\":\"Sebastian M\u00fcller AG - M\u00dcLLER-STEINAG Gruppe\",\"isPartOf\":{\"@id\":\"https:\/\/mueller-steinag.ch\/fr\/#website\"},\"datePublished\":\"2018-04-09T06:42:45+00:00\",\"dateModified\":\"2026-01-12T07:32:58+00:00\",\"description\":\"Les domaines d'activit\u00e9s de Sebastian M\u00fcller AG sont compos\u00e9s de la fabrication de produits en b\u00e9ton pour le b\u00e2timent, le g\u00e9nie civil, les routes, le paysagisme avec des cr\u00e9ations personnalis\u00e9es.\",\"breadcrumb\":{\"@id\":\"https:\/\/mueller-steinag.ch\/fr\/organisation\/sebastian-mueller-ag\/#breadcrumb\"},\"inLanguage\":\"fr-FR\",\"potentialAction\":[{\"@type\":\"ReadAction\",\"target\":[\"https:\/\/mueller-steinag.ch\/fr\/organisation\/sebastian-mueller-ag\/\"]}]},{\"@type\":\"BreadcrumbList\",\"@id\":\"https:\/\/mueller-steinag.ch\/fr\/organisation\/sebastian-mueller-ag\/#breadcrumb\",\"itemListElement\":[{\"@type\":\"ListItem\",\"position\":1,\"name\":\"Home\",\"item\":\"https:\/\/mueller-steinag.ch\/fr\/\"},{\"@type\":\"ListItem\",\"position\":2,\"name\":\"Organisation\",\"item\":\"https:\/\/mueller-steinag.ch\/fr\/organisation\/\"},{\"@type\":\"ListItem\",\"position\":3,\"name\":\"Sebastian M\u00fcller AG\"}]},{\"@type\":\"WebSite\",\"@id\":\"https:\/\/mueller-steinag.ch\/fr\/#website\",\"url\":\"https:\/\/mueller-steinag.ch\/fr\/\",\"name\":\"M\u00dcLLER-STEINAG Gruppe\",\"description\":\"\",\"potentialAction\":[{\"@type\":\"SearchAction\",\"target\":{\"@type\":\"EntryPoint\",\"urlTemplate\":\"https:\/\/mueller-steinag.ch\/fr\/?s={search_term_string}\"},\"query-input\":{\"@type\":\"PropertyValueSpecification\",\"valueRequired\":true,\"valueName\":\"search_term_string\"}}],\"inLanguage\":\"fr-FR\"}]}<\/script>\n<!-- \/ Yoast SEO plugin. -->","yoast_head_json":{"title":"Sebastian M\u00fcller AG - M\u00dcLLER-STEINAG Gruppe","description":"Les domaines d'activit\u00e9s de Sebastian M\u00fcller AG sont compos\u00e9s de la fabrication de produits en b\u00e9ton pour le b\u00e2timent, le g\u00e9nie civil, les routes, le paysagisme avec des cr\u00e9ations personnalis\u00e9es.","robots":{"index":"index","follow":"follow","max-snippet":"max-snippet:-1","max-image-preview":"max-image-preview:large","max-video-preview":"max-video-preview:-1"},"canonical":"https:\/\/mueller-steinag.ch\/fr\/organisation\/sebastian-mueller-ag\/","og_locale":"fr_FR","og_type":"article","og_title":"Sebastian M\u00fcller AG - M\u00dcLLER-STEINAG Gruppe","og_description":"Les domaines d'activit\u00e9s de Sebastian M\u00fcller AG sont compos\u00e9s de la fabrication de produits en b\u00e9ton pour le b\u00e2timent, le g\u00e9nie civil, les routes, le paysagisme avec des cr\u00e9ations personnalis\u00e9es.","og_url":"https:\/\/mueller-steinag.ch\/fr\/organisation\/sebastian-mueller-ag\/","og_site_name":"M\u00dcLLER-STEINAG Gruppe","article_modified_time":"2026-01-12T07:32:58+00:00","twitter_card":"summary_large_image","schema":{"@context":"https:\/\/schema.org","@graph":[{"@type":"WebPage","@id":"https:\/\/mueller-steinag.ch\/fr\/organisation\/sebastian-mueller-ag\/","url":"https:\/\/mueller-steinag.ch\/fr\/organisation\/sebastian-mueller-ag\/","name":"Sebastian M\u00fcller AG - M\u00dcLLER-STEINAG Gruppe","isPartOf":{"@id":"https:\/\/mueller-steinag.ch\/fr\/#website"},"datePublished":"2018-04-09T06:42:45+00:00","dateModified":"2026-01-12T07:32:58+00:00","description":"Les domaines d'activit\u00e9s de Sebastian M\u00fcller AG sont compos\u00e9s de la fabrication de produits en b\u00e9ton pour le b\u00e2timent, le g\u00e9nie civil, les routes, le paysagisme avec des cr\u00e9ations personnalis\u00e9es.","breadcrumb":{"@id":"https:\/\/mueller-steinag.ch\/fr\/organisation\/sebastian-mueller-ag\/#breadcrumb"},"inLanguage":"fr-FR","potentialAction":[{"@type":"ReadAction","target":["https:\/\/mueller-steinag.ch\/fr\/organisation\/sebastian-mueller-ag\/"]}]},{"@type":"BreadcrumbList","@id":"https:\/\/mueller-steinag.ch\/fr\/organisation\/sebastian-mueller-ag\/#breadcrumb","itemListElement":[{"@type":"ListItem","position":1,"name":"Home","item":"https:\/\/mueller-steinag.ch\/fr\/"},{"@type":"ListItem","position":2,"name":"Organisation","item":"https:\/\/mueller-steinag.ch\/fr\/organisation\/"},{"@type":"ListItem","position":3,"name":"Sebastian M\u00fcller AG"}]},{"@type":"WebSite","@id":"https:\/\/mueller-steinag.ch\/fr\/#website","url":"https:\/\/mueller-steinag.ch\/fr\/","name":"M\u00dcLLER-STEINAG Gruppe","description":"","potentialAction":[{"@type":"SearchAction","target":{"@type":"EntryPoint","urlTemplate":"https:\/\/mueller-steinag.ch\/fr\/?s={search_term_string}"},"query-input":{"@type":"PropertyValueSpecification","valueRequired":true,"valueName":"search_term_string"}}],"inLanguage":"fr-FR"}]}},"publishpress_future_action":{"enabled":false,"date":"2026-04-15 12:04:31","action":"change-status","newStatus":"draft","terms":[],"taxonomy":"translation_priority","extraData":[]},"publishpress_future_workflow_manual_trigger":{"enabledWorkflows":[]},"_links":{"self":[{"href":"https:\/\/mueller-steinag.ch\/fr\/wp-json\/wp\/v2\/pages\/3327","targetHints":{"allow":["GET"]}}],"collection":[{"href":"https:\/\/mueller-steinag.ch\/fr\/wp-json\/wp\/v2\/pages"}],"about":[{"href":"https:\/\/mueller-steinag.ch\/fr\/wp-json\/wp\/v2\/types\/page"}],"author":[{"embeddable":true,"href":"https:\/\/mueller-steinag.ch\/fr\/wp-json\/wp\/v2\/users\/2"}],"replies":[{"embeddable":true,"href":"https:\/\/mueller-steinag.ch\/fr\/wp-json\/wp\/v2\/comments?post=3327"}],"version-history":[{"count":22,"href":"https:\/\/mueller-steinag.ch\/fr\/wp-json\/wp\/v2\/pages\/3327\/revisions"}],"predecessor-version":[{"id":7632,"href":"https:\/\/mueller-steinag.ch\/fr\/wp-json\/wp\/v2\/pages\/3327\/revisions\/7632"}],"up":[{"embeddable":true,"href":"https:\/\/mueller-steinag.ch\/fr\/wp-json\/wp\/v2\/pages\/3300"}],"wp:attachment":[{"href":"https:\/\/mueller-steinag.ch\/fr\/wp-json\/wp\/v2\/media?parent=3327"}],"curies":[{"name":"wp","href":"https:\/\/api.w.org\/{rel}","templated":true}]}}