{"id":3313,"date":"2019-11-06T15:02:56","date_gmt":"2019-11-06T14:02:56","guid":{"rendered":"https:\/\/mueller-steinag.ch\/kaufmann-kauffrau\/"},"modified":"2026-04-28T15:42:39","modified_gmt":"2026-04-28T13:42:39","slug":"employe-e-de-commerce-cfc","status":"publish","type":"page","link":"https:\/\/mueller-steinag.ch\/fr\/formation\/employe-e-de-commerce-cfc\/","title":{"rendered":"Employ\u00e9\/e de commerce CFC"},"content":{"rendered":"","protected":false},"excerpt":{"rendered":"","protected":false},"author":3,"featured_media":0,"parent":3315,"menu_order":2,"comment_status":"closed","ping_status":"closed","template":"","meta":{"_acf_changed":false,"footnotes":""},"class_list":["post-3313","page","type-page","status-publish","hentry"],"acf":[],"yoast_head":"<!-- This site is optimized with the Yoast SEO plugin v27.2 - https:\/\/yoast.com\/product\/yoast-seo-wordpress\/ -->\n<title>Employ\u00e9\/e de commerce CFC - M\u00dcLLER-STEINAG Gruppe<\/title>\n<meta name=\"description\" content=\"En proposant l\u2019apprentissage en tant que commercial(e), nous souhaitons g\u00e9n\u00e9rer une valeur ajout\u00e9e pour les jeunes et leur avenir professionnel. Pose ta candidature d\u00e8s maintenant...\" \/>\n<meta name=\"robots\" content=\"index, follow, max-snippet:-1, max-image-preview:large, max-video-preview:-1\" \/>\n<link rel=\"canonical\" href=\"https:\/\/mueller-steinag.ch\/fr\/formation\/employe-e-de-commerce-cfc\/\" \/>\n<meta property=\"og:locale\" content=\"fr_FR\" \/>\n<meta property=\"og:type\" content=\"article\" \/>\n<meta property=\"og:title\" content=\"Employ\u00e9\/e de commerce CFC - M\u00dcLLER-STEINAG Gruppe\" \/>\n<meta property=\"og:description\" content=\"En proposant l\u2019apprentissage en tant que commercial(e), nous souhaitons g\u00e9n\u00e9rer une valeur ajout\u00e9e pour les jeunes et leur avenir professionnel. Pose ta candidature d\u00e8s maintenant...\" \/>\n<meta property=\"og:url\" content=\"https:\/\/mueller-steinag.ch\/fr\/formation\/employe-e-de-commerce-cfc\/\" \/>\n<meta property=\"og:site_name\" content=\"M\u00dcLLER-STEINAG Gruppe\" \/>\n<meta property=\"article:modified_time\" content=\"2026-04-28T13:42:39+00:00\" \/>\n<meta name=\"twitter:card\" content=\"summary_large_image\" \/>\n<script type=\"application\/ld+json\" class=\"yoast-schema-graph\">{\"@context\":\"https:\/\/schema.org\",\"@graph\":[{\"@type\":\"WebPage\",\"@id\":\"https:\/\/mueller-steinag.ch\/fr\/formation\/employe-e-de-commerce-cfc\/\",\"url\":\"https:\/\/mueller-steinag.ch\/fr\/formation\/employe-e-de-commerce-cfc\/\",\"name\":\"Employ\u00e9\/e de commerce CFC - M\u00dcLLER-STEINAG Gruppe\",\"isPartOf\":{\"@id\":\"https:\/\/mueller-steinag.ch\/fr\/#website\"},\"datePublished\":\"2019-11-06T14:02:56+00:00\",\"dateModified\":\"2026-04-28T13:42:39+00:00\",\"description\":\"En proposant l\u2019apprentissage en tant que commercial(e), nous souhaitons g\u00e9n\u00e9rer une valeur ajout\u00e9e pour les jeunes et leur avenir professionnel. Pose ta candidature d\u00e8s maintenant...\",\"breadcrumb\":{\"@id\":\"https:\/\/mueller-steinag.ch\/fr\/formation\/employe-e-de-commerce-cfc\/#breadcrumb\"},\"inLanguage\":\"fr-FR\",\"potentialAction\":[{\"@type\":\"ReadAction\",\"target\":[\"https:\/\/mueller-steinag.ch\/fr\/formation\/employe-e-de-commerce-cfc\/\"]}]},{\"@type\":\"BreadcrumbList\",\"@id\":\"https:\/\/mueller-steinag.ch\/fr\/formation\/employe-e-de-commerce-cfc\/#breadcrumb\",\"itemListElement\":[{\"@type\":\"ListItem\",\"position\":1,\"name\":\"Home\",\"item\":\"https:\/\/mueller-steinag.ch\/fr\/\"},{\"@type\":\"ListItem\",\"position\":2,\"name\":\"Formation\",\"item\":\"https:\/\/mueller-steinag.ch\/fr\/formation\/\"},{\"@type\":\"ListItem\",\"position\":3,\"name\":\"Employ\u00e9e de commerce\"}]},{\"@type\":\"WebSite\",\"@id\":\"https:\/\/mueller-steinag.ch\/fr\/#website\",\"url\":\"https:\/\/mueller-steinag.ch\/fr\/\",\"name\":\"M\u00dcLLER-STEINAG Gruppe\",\"description\":\"\",\"potentialAction\":[{\"@type\":\"SearchAction\",\"target\":{\"@type\":\"EntryPoint\",\"urlTemplate\":\"https:\/\/mueller-steinag.ch\/fr\/?s={search_term_string}\"},\"query-input\":{\"@type\":\"PropertyValueSpecification\",\"valueRequired\":true,\"valueName\":\"search_term_string\"}}],\"inLanguage\":\"fr-FR\"}]}<\/script>\n<!-- \/ Yoast SEO plugin. -->","yoast_head_json":{"title":"Employ\u00e9\/e de commerce CFC - M\u00dcLLER-STEINAG Gruppe","description":"En proposant l\u2019apprentissage en tant que commercial(e), nous souhaitons g\u00e9n\u00e9rer une valeur ajout\u00e9e pour les jeunes et leur avenir professionnel. Pose ta candidature d\u00e8s maintenant...","robots":{"index":"index","follow":"follow","max-snippet":"max-snippet:-1","max-image-preview":"max-image-preview:large","max-video-preview":"max-video-preview:-1"},"canonical":"https:\/\/mueller-steinag.ch\/fr\/formation\/employe-e-de-commerce-cfc\/","og_locale":"fr_FR","og_type":"article","og_title":"Employ\u00e9\/e de commerce CFC - M\u00dcLLER-STEINAG Gruppe","og_description":"En proposant l\u2019apprentissage en tant que commercial(e), nous souhaitons g\u00e9n\u00e9rer une valeur ajout\u00e9e pour les jeunes et leur avenir professionnel. Pose ta candidature d\u00e8s maintenant...","og_url":"https:\/\/mueller-steinag.ch\/fr\/formation\/employe-e-de-commerce-cfc\/","og_site_name":"M\u00dcLLER-STEINAG Gruppe","article_modified_time":"2026-04-28T13:42:39+00:00","twitter_card":"summary_large_image","schema":{"@context":"https:\/\/schema.org","@graph":[{"@type":"WebPage","@id":"https:\/\/mueller-steinag.ch\/fr\/formation\/employe-e-de-commerce-cfc\/","url":"https:\/\/mueller-steinag.ch\/fr\/formation\/employe-e-de-commerce-cfc\/","name":"Employ\u00e9\/e de commerce CFC - M\u00dcLLER-STEINAG Gruppe","isPartOf":{"@id":"https:\/\/mueller-steinag.ch\/fr\/#website"},"datePublished":"2019-11-06T14:02:56+00:00","dateModified":"2026-04-28T13:42:39+00:00","description":"En proposant l\u2019apprentissage en tant que commercial(e), nous souhaitons g\u00e9n\u00e9rer une valeur ajout\u00e9e pour les jeunes et leur avenir professionnel. Pose ta candidature d\u00e8s maintenant...","breadcrumb":{"@id":"https:\/\/mueller-steinag.ch\/fr\/formation\/employe-e-de-commerce-cfc\/#breadcrumb"},"inLanguage":"fr-FR","potentialAction":[{"@type":"ReadAction","target":["https:\/\/mueller-steinag.ch\/fr\/formation\/employe-e-de-commerce-cfc\/"]}]},{"@type":"BreadcrumbList","@id":"https:\/\/mueller-steinag.ch\/fr\/formation\/employe-e-de-commerce-cfc\/#breadcrumb","itemListElement":[{"@type":"ListItem","position":1,"name":"Home","item":"https:\/\/mueller-steinag.ch\/fr\/"},{"@type":"ListItem","position":2,"name":"Formation","item":"https:\/\/mueller-steinag.ch\/fr\/formation\/"},{"@type":"ListItem","position":3,"name":"Employ\u00e9e de commerce"}]},{"@type":"WebSite","@id":"https:\/\/mueller-steinag.ch\/fr\/#website","url":"https:\/\/mueller-steinag.ch\/fr\/","name":"M\u00dcLLER-STEINAG Gruppe","description":"","potentialAction":[{"@type":"SearchAction","target":{"@type":"EntryPoint","urlTemplate":"https:\/\/mueller-steinag.ch\/fr\/?s={search_term_string}"},"query-input":{"@type":"PropertyValueSpecification","valueRequired":true,"valueName":"search_term_string"}}],"inLanguage":"fr-FR"}]}},"publishpress_future_action":{"enabled":false,"date":"2026-05-13 18:02:33","action":"change-status","newStatus":"draft","terms":[],"taxonomy":"translation_priority","extraData":[]},"publishpress_future_workflow_manual_trigger":{"enabledWorkflows":[]},"_links":{"self":[{"href":"https:\/\/mueller-steinag.ch\/fr\/wp-json\/wp\/v2\/pages\/3313","targetHints":{"allow":["GET"]}}],"collection":[{"href":"https:\/\/mueller-steinag.ch\/fr\/wp-json\/wp\/v2\/pages"}],"about":[{"href":"https:\/\/mueller-steinag.ch\/fr\/wp-json\/wp\/v2\/types\/page"}],"author":[{"embeddable":true,"href":"https:\/\/mueller-steinag.ch\/fr\/wp-json\/wp\/v2\/users\/3"}],"replies":[{"embeddable":true,"href":"https:\/\/mueller-steinag.ch\/fr\/wp-json\/wp\/v2\/comments?post=3313"}],"version-history":[{"count":24,"href":"https:\/\/mueller-steinag.ch\/fr\/wp-json\/wp\/v2\/pages\/3313\/revisions"}],"predecessor-version":[{"id":7736,"href":"https:\/\/mueller-steinag.ch\/fr\/wp-json\/wp\/v2\/pages\/3313\/revisions\/7736"}],"up":[{"embeddable":true,"href":"https:\/\/mueller-steinag.ch\/fr\/wp-json\/wp\/v2\/pages\/3315"}],"wp:attachment":[{"href":"https:\/\/mueller-steinag.ch\/fr\/wp-json\/wp\/v2\/media?parent=3313"}],"curies":[{"name":"wp","href":"https:\/\/api.w.org\/{rel}","templated":true}]}}