{"id":3085,"date":"2018-01-05T10:22:08","date_gmt":"2018-01-05T09:22:08","guid":{"rendered":"https:\/\/mueller-steinag.ch\/home\/"},"modified":"2026-04-09T14:36:14","modified_gmt":"2026-04-09T12:36:14","slug":"home","status":"publish","type":"page","link":"https:\/\/mueller-steinag.ch\/fr\/","title":{"rendered":"Home"},"content":{"rendered":"","protected":false},"excerpt":{"rendered":"","protected":false},"author":1,"featured_media":0,"parent":0,"menu_order":4,"comment_status":"closed","ping_status":"closed","template":"","meta":{"_acf_changed":false,"footnotes":""},"class_list":["post-3085","page","type-page","status-publish","hentry"],"acf":[],"yoast_head":"<!-- This site is optimized with the Yoast SEO plugin v27.5 - https:\/\/yoast.com\/product\/yoast-seo-wordpress\/ -->\n<title>Groupe M\u00dcLLER-STEINAG<\/title>\n<meta name=\"description\" content=\"Le b\u00e9ton est notre univers. Mat\u00e9riaux naturels et mat\u00e9riaux de construction en b\u00e9ton pour chaque construction : b\u00e2timent et g\u00e9nie civil, canalisations, ouvrages hydrauliques, am\u00e9nagement de jardins et de paysages, construction de routes, de voies ferr\u00e9es, de places et de chemins.\" \/>\n<meta name=\"robots\" content=\"index, follow, max-snippet:-1, max-image-preview:large, max-video-preview:-1\" \/>\n<link rel=\"canonical\" href=\"https:\/\/mueller-steinag.ch\/fr\/\" \/>\n<meta property=\"og:locale\" content=\"fr_FR\" \/>\n<meta property=\"og:type\" content=\"article\" \/>\n<meta property=\"og:title\" content=\"Beton ist unsere Welt \u2013 M\u00dcLLER STEINAG Gruppe\" \/>\n<meta property=\"og:description\" content=\"M\u00dcLLER-STEINAG baut die Welt \u2013 mit bester Beton-Qualit\u00e4t und massgeschneiderten Entwicklungen f\u00fcr jede Anforderung.\" \/>\n<meta property=\"og:url\" content=\"https:\/\/mueller-steinag.ch\/fr\/\" \/>\n<meta property=\"og:site_name\" content=\"M\u00dcLLER-STEINAG Gruppe\" \/>\n<meta property=\"article:modified_time\" content=\"2026-04-09T12:36:14+00:00\" \/>\n<meta property=\"og:image\" content=\"https:\/\/mueller-steinag.ch\/wp-content\/uploads\/2018\/09\/muellersteinaggruppe-home-screenshot_sm.png\" \/>\n\t<meta property=\"og:image:width\" content=\"2000\" \/>\n\t<meta property=\"og:image:height\" content=\"1047\" \/>\n\t<meta property=\"og:image:type\" content=\"image\/png\" \/>\n<meta name=\"twitter:card\" content=\"summary_large_image\" \/>\n<script type=\"application\/ld+json\" class=\"yoast-schema-graph\">{\"@context\":\"https:\\\/\\\/schema.org\",\"@graph\":[{\"@type\":\"WebPage\",\"@id\":\"https:\\\/\\\/mueller-steinag.ch\\\/fr\\\/\",\"url\":\"https:\\\/\\\/mueller-steinag.ch\\\/fr\\\/\",\"name\":\"Groupe M\u00dcLLER-STEINAG\",\"isPartOf\":{\"@id\":\"https:\\\/\\\/mueller-steinag.ch\\\/fr\\\/#website\"},\"datePublished\":\"2018-01-05T09:22:08+00:00\",\"dateModified\":\"2026-04-09T12:36:14+00:00\",\"description\":\"Le b\u00e9ton est notre univers. Mat\u00e9riaux naturels et mat\u00e9riaux de construction en b\u00e9ton pour chaque construction : b\u00e2timent et g\u00e9nie civil, canalisations, ouvrages hydrauliques, am\u00e9nagement de jardins et de paysages, construction de routes, de voies ferr\u00e9es, de places et de chemins.\",\"breadcrumb\":{\"@id\":\"https:\\\/\\\/mueller-steinag.ch\\\/fr\\\/#breadcrumb\"},\"inLanguage\":\"fr-FR\",\"potentialAction\":[{\"@type\":\"ReadAction\",\"target\":[\"https:\\\/\\\/mueller-steinag.ch\\\/fr\\\/\"]}]},{\"@type\":\"BreadcrumbList\",\"@id\":\"https:\\\/\\\/mueller-steinag.ch\\\/fr\\\/#breadcrumb\",\"itemListElement\":[{\"@type\":\"ListItem\",\"position\":1,\"name\":\"Home\",\"item\":\"https:\\\/\\\/mueller-steinag.ch\\\/fr\\\/\"},{\"@type\":\"ListItem\",\"position\":2,\"name\":\"Home\"}]},{\"@type\":\"WebSite\",\"@id\":\"https:\\\/\\\/mueller-steinag.ch\\\/fr\\\/#website\",\"url\":\"https:\\\/\\\/mueller-steinag.ch\\\/fr\\\/\",\"name\":\"M\u00dcLLER-STEINAG Gruppe\",\"description\":\"\",\"potentialAction\":[{\"@type\":\"SearchAction\",\"target\":{\"@type\":\"EntryPoint\",\"urlTemplate\":\"https:\\\/\\\/mueller-steinag.ch\\\/fr\\\/?s={search_term_string}\"},\"query-input\":{\"@type\":\"PropertyValueSpecification\",\"valueRequired\":true,\"valueName\":\"search_term_string\"}}],\"inLanguage\":\"fr-FR\"}]}<\/script>\n<!-- \/ Yoast SEO plugin. -->","yoast_head_json":{"title":"Groupe M\u00dcLLER-STEINAG","description":"Le b\u00e9ton est notre univers. Mat\u00e9riaux naturels et mat\u00e9riaux de construction en b\u00e9ton pour chaque construction : b\u00e2timent et g\u00e9nie civil, canalisations, ouvrages hydrauliques, am\u00e9nagement de jardins et de paysages, construction de routes, de voies ferr\u00e9es, de places et de chemins.","robots":{"index":"index","follow":"follow","max-snippet":"max-snippet:-1","max-image-preview":"max-image-preview:large","max-video-preview":"max-video-preview:-1"},"canonical":"https:\/\/mueller-steinag.ch\/fr\/","og_locale":"fr_FR","og_type":"article","og_title":"Beton ist unsere Welt \u2013 M\u00dcLLER STEINAG Gruppe","og_description":"M\u00dcLLER-STEINAG baut die Welt \u2013 mit bester Beton-Qualit\u00e4t und massgeschneiderten Entwicklungen f\u00fcr jede Anforderung.","og_url":"https:\/\/mueller-steinag.ch\/fr\/","og_site_name":"M\u00dcLLER-STEINAG Gruppe","article_modified_time":"2026-04-09T12:36:14+00:00","og_image":[{"width":2000,"height":1047,"url":"https:\/\/mueller-steinag.ch\/wp-content\/uploads\/2018\/09\/muellersteinaggruppe-home-screenshot_sm.png","type":"image\/png"}],"twitter_card":"summary_large_image","schema":{"@context":"https:\/\/schema.org","@graph":[{"@type":"WebPage","@id":"https:\/\/mueller-steinag.ch\/fr\/","url":"https:\/\/mueller-steinag.ch\/fr\/","name":"Groupe M\u00dcLLER-STEINAG","isPartOf":{"@id":"https:\/\/mueller-steinag.ch\/fr\/#website"},"datePublished":"2018-01-05T09:22:08+00:00","dateModified":"2026-04-09T12:36:14+00:00","description":"Le b\u00e9ton est notre univers. Mat\u00e9riaux naturels et mat\u00e9riaux de construction en b\u00e9ton pour chaque construction : b\u00e2timent et g\u00e9nie civil, canalisations, ouvrages hydrauliques, am\u00e9nagement de jardins et de paysages, construction de routes, de voies ferr\u00e9es, de places et de chemins.","breadcrumb":{"@id":"https:\/\/mueller-steinag.ch\/fr\/#breadcrumb"},"inLanguage":"fr-FR","potentialAction":[{"@type":"ReadAction","target":["https:\/\/mueller-steinag.ch\/fr\/"]}]},{"@type":"BreadcrumbList","@id":"https:\/\/mueller-steinag.ch\/fr\/#breadcrumb","itemListElement":[{"@type":"ListItem","position":1,"name":"Home","item":"https:\/\/mueller-steinag.ch\/fr\/"},{"@type":"ListItem","position":2,"name":"Home"}]},{"@type":"WebSite","@id":"https:\/\/mueller-steinag.ch\/fr\/#website","url":"https:\/\/mueller-steinag.ch\/fr\/","name":"M\u00dcLLER-STEINAG Gruppe","description":"","potentialAction":[{"@type":"SearchAction","target":{"@type":"EntryPoint","urlTemplate":"https:\/\/mueller-steinag.ch\/fr\/?s={search_term_string}"},"query-input":{"@type":"PropertyValueSpecification","valueRequired":true,"valueName":"search_term_string"}}],"inLanguage":"fr-FR"}]}},"publishpress_future_action":{"enabled":false,"date":"2026-05-22 22:35:01","action":"change-status","newStatus":"draft","terms":[],"taxonomy":"translation_priority","extraData":[]},"publishpress_future_workflow_manual_trigger":{"enabledWorkflows":[]},"_links":{"self":[{"href":"https:\/\/mueller-steinag.ch\/fr\/wp-json\/wp\/v2\/pages\/3085","targetHints":{"allow":["GET"]}}],"collection":[{"href":"https:\/\/mueller-steinag.ch\/fr\/wp-json\/wp\/v2\/pages"}],"about":[{"href":"https:\/\/mueller-steinag.ch\/fr\/wp-json\/wp\/v2\/types\/page"}],"author":[{"embeddable":true,"href":"https:\/\/mueller-steinag.ch\/fr\/wp-json\/wp\/v2\/users\/1"}],"replies":[{"embeddable":true,"href":"https:\/\/mueller-steinag.ch\/fr\/wp-json\/wp\/v2\/comments?post=3085"}],"version-history":[{"count":20,"href":"https:\/\/mueller-steinag.ch\/fr\/wp-json\/wp\/v2\/pages\/3085\/revisions"}],"predecessor-version":[{"id":7703,"href":"https:\/\/mueller-steinag.ch\/fr\/wp-json\/wp\/v2\/pages\/3085\/revisions\/7703"}],"wp:attachment":[{"href":"https:\/\/mueller-steinag.ch\/fr\/wp-json\/wp\/v2\/media?parent=3085"}],"curies":[{"name":"wp","href":"https:\/\/api.w.org\/{rel}","templated":true}]}}